{"id":627,"date":"2019-11-14T09:37:12","date_gmt":"2019-11-14T08:37:12","guid":{"rendered":"https:\/\/www.audeca.biz\/les-parcours\/"},"modified":"2020-09-22T17:13:25","modified_gmt":"2020-09-22T15:13:25","slug":"support-programs","status":"publish","type":"page","link":"https:\/\/www.audeca.biz\/en\/support-programs\/","title":{"rendered":"Support programs"},"content":{"rendered":"","protected":false},"excerpt":{"rendered":"","protected":false},"author":1,"featured_media":0,"parent":0,"menu_order":0,"comment_status":"closed","ping_status":"closed","template":"template_missions.php","meta":{"_acf_changed":false,"footnotes":""},"class_list":["post-627","page","type-page","status-publish","hentry"],"acf":[],"yoast_head":"<!-- This site is optimized with the Yoast SEO plugin v27.5 - https:\/\/yoast.com\/product\/yoast-seo-wordpress\/ -->\n<title>Support programs &#8226; Audeca<\/title>\n<meta name=\"description\" content=\"Pour mettre toutes les chances de votre c\u00f4t\u00e9, le groupe Audeca vous accompagne tout au long de votre parcours. Nous sommes pr\u00e9sents pour analyser votre situation et vous conseiller. Audit, Expertise comptable.\" \/>\n<meta name=\"robots\" content=\"index, follow, max-snippet:-1, max-image-preview:large, max-video-preview:-1\" \/>\n<link rel=\"canonical\" href=\"https:\/\/www.audeca.biz\/en\/support-programs\/\" \/>\n<meta property=\"og:locale\" content=\"en_US\" \/>\n<meta property=\"og:type\" content=\"article\" \/>\n<meta property=\"og:title\" content=\"Support programs &#8226; Audeca\" \/>\n<meta property=\"og:description\" content=\"Pour mettre toutes les chances de votre c\u00f4t\u00e9, le groupe Audeca vous accompagne tout au long de votre parcours. Nous sommes pr\u00e9sents pour analyser votre situation et vous conseiller. Audit, Expertise comptable.\" \/>\n<meta property=\"og:url\" content=\"https:\/\/www.audeca.biz\/en\/support-programs\/\" \/>\n<meta property=\"og:site_name\" content=\"Audeca\" \/>\n<meta property=\"article:modified_time\" content=\"2020-09-22T15:13:25+00:00\" \/>\n<meta name=\"twitter:card\" content=\"summary_large_image\" \/>\n<script type=\"application\/ld+json\" class=\"yoast-schema-graph\">{\"@context\":\"https:\\\/\\\/schema.org\",\"@graph\":[{\"@type\":\"WebPage\",\"@id\":\"https:\\\/\\\/www.audeca.biz\\\/en\\\/support-programs\\\/\",\"url\":\"https:\\\/\\\/www.audeca.biz\\\/en\\\/support-programs\\\/\",\"name\":\"Support programs &#8226; Audeca\",\"isPartOf\":{\"@id\":\"https:\\\/\\\/www.audeca.biz\\\/#website\"},\"datePublished\":\"2019-11-14T08:37:12+00:00\",\"dateModified\":\"2020-09-22T15:13:25+00:00\",\"description\":\"Pour mettre toutes les chances de votre c\u00f4t\u00e9, le groupe Audeca vous accompagne tout au long de votre parcours. Nous sommes pr\u00e9sents pour analyser votre situation et vous conseiller. Audit, Expertise comptable.\",\"breadcrumb\":{\"@id\":\"https:\\\/\\\/www.audeca.biz\\\/en\\\/support-programs\\\/#breadcrumb\"},\"inLanguage\":\"en-US\",\"potentialAction\":[{\"@type\":\"ReadAction\",\"target\":[\"https:\\\/\\\/www.audeca.biz\\\/en\\\/support-programs\\\/\"]}]},{\"@type\":\"BreadcrumbList\",\"@id\":\"https:\\\/\\\/www.audeca.biz\\\/en\\\/support-programs\\\/#breadcrumb\",\"itemListElement\":[{\"@type\":\"ListItem\",\"position\":1,\"name\":\"Accueil\",\"item\":\"https:\\\/\\\/www.audeca.biz\\\/en\\\/\"},{\"@type\":\"ListItem\",\"position\":2,\"name\":\"Support programs\"}]},{\"@type\":\"WebSite\",\"@id\":\"https:\\\/\\\/www.audeca.biz\\\/#website\",\"url\":\"https:\\\/\\\/www.audeca.biz\\\/\",\"name\":\"Audeca\",\"description\":\"Accounting, Auditing, and Consulting experts.\",\"publisher\":{\"@id\":\"https:\\\/\\\/www.audeca.biz\\\/#organization\"},\"potentialAction\":[{\"@type\":\"SearchAction\",\"target\":{\"@type\":\"EntryPoint\",\"urlTemplate\":\"https:\\\/\\\/www.audeca.biz\\\/?s={search_term_string}\"},\"query-input\":{\"@type\":\"PropertyValueSpecification\",\"valueRequired\":true,\"valueName\":\"search_term_string\"}}],\"inLanguage\":\"en-US\"},{\"@type\":\"Organization\",\"@id\":\"https:\\\/\\\/www.audeca.biz\\\/#organization\",\"name\":\"Audeca : Audit, Conseil, Expertise\",\"url\":\"https:\\\/\\\/www.audeca.biz\\\/\",\"logo\":{\"@type\":\"ImageObject\",\"inLanguage\":\"en-US\",\"@id\":\"https:\\\/\\\/www.audeca.biz\\\/#\\\/schema\\\/logo\\\/image\\\/\",\"url\":\"https:\\\/\\\/www.audeca.biz\\\/wp-content\\\/uploads\\\/2019\\\/11\\\/AUDECA-simple-couleurs.svg\",\"contentUrl\":\"https:\\\/\\\/www.audeca.biz\\\/wp-content\\\/uploads\\\/2019\\\/11\\\/AUDECA-simple-couleurs.svg\",\"width\":1,\"height\":1,\"caption\":\"Audeca : Audit, Conseil, Expertise\"},\"image\":{\"@id\":\"https:\\\/\\\/www.audeca.biz\\\/#\\\/schema\\\/logo\\\/image\\\/\"},\"sameAs\":[\"https:\\\/\\\/www.linkedin.com\\\/company\\\/audeca\\\/\"]}]}<\/script>\n<!-- \/ Yoast SEO plugin. -->","yoast_head_json":{"title":"Support programs &#8226; Audeca","description":"Pour mettre toutes les chances de votre c\u00f4t\u00e9, le groupe Audeca vous accompagne tout au long de votre parcours. Nous sommes pr\u00e9sents pour analyser votre situation et vous conseiller. Audit, Expertise comptable.","robots":{"index":"index","follow":"follow","max-snippet":"max-snippet:-1","max-image-preview":"max-image-preview:large","max-video-preview":"max-video-preview:-1"},"canonical":"https:\/\/www.audeca.biz\/en\/support-programs\/","og_locale":"en_US","og_type":"article","og_title":"Support programs &#8226; Audeca","og_description":"Pour mettre toutes les chances de votre c\u00f4t\u00e9, le groupe Audeca vous accompagne tout au long de votre parcours. Nous sommes pr\u00e9sents pour analyser votre situation et vous conseiller. Audit, Expertise comptable.","og_url":"https:\/\/www.audeca.biz\/en\/support-programs\/","og_site_name":"Audeca","article_modified_time":"2020-09-22T15:13:25+00:00","twitter_card":"summary_large_image","schema":{"@context":"https:\/\/schema.org","@graph":[{"@type":"WebPage","@id":"https:\/\/www.audeca.biz\/en\/support-programs\/","url":"https:\/\/www.audeca.biz\/en\/support-programs\/","name":"Support programs &#8226; Audeca","isPartOf":{"@id":"https:\/\/www.audeca.biz\/#website"},"datePublished":"2019-11-14T08:37:12+00:00","dateModified":"2020-09-22T15:13:25+00:00","description":"Pour mettre toutes les chances de votre c\u00f4t\u00e9, le groupe Audeca vous accompagne tout au long de votre parcours. Nous sommes pr\u00e9sents pour analyser votre situation et vous conseiller. Audit, Expertise comptable.","breadcrumb":{"@id":"https:\/\/www.audeca.biz\/en\/support-programs\/#breadcrumb"},"inLanguage":"en-US","potentialAction":[{"@type":"ReadAction","target":["https:\/\/www.audeca.biz\/en\/support-programs\/"]}]},{"@type":"BreadcrumbList","@id":"https:\/\/www.audeca.biz\/en\/support-programs\/#breadcrumb","itemListElement":[{"@type":"ListItem","position":1,"name":"Accueil","item":"https:\/\/www.audeca.biz\/en\/"},{"@type":"ListItem","position":2,"name":"Support programs"}]},{"@type":"WebSite","@id":"https:\/\/www.audeca.biz\/#website","url":"https:\/\/www.audeca.biz\/","name":"Audeca","description":"Accounting, Auditing, and Consulting experts.","publisher":{"@id":"https:\/\/www.audeca.biz\/#organization"},"potentialAction":[{"@type":"SearchAction","target":{"@type":"EntryPoint","urlTemplate":"https:\/\/www.audeca.biz\/?s={search_term_string}"},"query-input":{"@type":"PropertyValueSpecification","valueRequired":true,"valueName":"search_term_string"}}],"inLanguage":"en-US"},{"@type":"Organization","@id":"https:\/\/www.audeca.biz\/#organization","name":"Audeca : Audit, Conseil, Expertise","url":"https:\/\/www.audeca.biz\/","logo":{"@type":"ImageObject","inLanguage":"en-US","@id":"https:\/\/www.audeca.biz\/#\/schema\/logo\/image\/","url":"https:\/\/www.audeca.biz\/wp-content\/uploads\/2019\/11\/AUDECA-simple-couleurs.svg","contentUrl":"https:\/\/www.audeca.biz\/wp-content\/uploads\/2019\/11\/AUDECA-simple-couleurs.svg","width":1,"height":1,"caption":"Audeca : Audit, Conseil, Expertise"},"image":{"@id":"https:\/\/www.audeca.biz\/#\/schema\/logo\/image\/"},"sameAs":["https:\/\/www.linkedin.com\/company\/audeca\/"]}]}},"_links":{"self":[{"href":"https:\/\/www.audeca.biz\/en\/wp-json\/wp\/v2\/pages\/627","targetHints":{"allow":["GET"]}}],"collection":[{"href":"https:\/\/www.audeca.biz\/en\/wp-json\/wp\/v2\/pages"}],"about":[{"href":"https:\/\/www.audeca.biz\/en\/wp-json\/wp\/v2\/types\/page"}],"author":[{"embeddable":true,"href":"https:\/\/www.audeca.biz\/en\/wp-json\/wp\/v2\/users\/1"}],"replies":[{"embeddable":true,"href":"https:\/\/www.audeca.biz\/en\/wp-json\/wp\/v2\/comments?post=627"}],"version-history":[{"count":4,"href":"https:\/\/www.audeca.biz\/en\/wp-json\/wp\/v2\/pages\/627\/revisions"}],"predecessor-version":[{"id":674,"href":"https:\/\/www.audeca.biz\/en\/wp-json\/wp\/v2\/pages\/627\/revisions\/674"}],"wp:attachment":[{"href":"https:\/\/www.audeca.biz\/en\/wp-json\/wp\/v2\/media?parent=627"}],"curies":[{"name":"wp","href":"https:\/\/api.w.org\/{rel}","templated":true}]}}